{"id":11,"date":"2024-10-29T10:28:39","date_gmt":"2024-10-29T10:28:39","guid":{"rendered":"http:\/\/yeve6631.odns.fr\/?page_id=11"},"modified":"2025-03-17T23:43:57","modified_gmt":"2025-03-17T23:43:57","slug":"services","status":"publish","type":"page","link":"https:\/\/procestec.com\/en\/services\/","title":{"rendered":"Our Services"},"content":{"rendered":"<div data-elementor-type=\"wp-page\" data-elementor-id=\"11\" class=\"elementor elementor-11\" data-elementor-post-type=\"page\">\n\t\t\t\t<div class=\"elementor-element elementor-element-1dcc0efc e-con-full e-flex e-con e-parent\" data-id=\"1dcc0efc\" data-element_type=\"container\" data-settings=\"{&quot;background_background&quot;:&quot;classic&quot;}\">\n\t\t<div class=\"elementor-element elementor-element-605bb47 e-flex e-con-boxed e-con e-child\" data-id=\"605bb47\" data-element_type=\"container\" data-settings=\"{&quot;background_background&quot;:&quot;gradient&quot;}\">\n\t\t\t\t\t<div class=\"e-con-inner\">\n\t\t\t\t<div class=\"elementor-element elementor-element-12f3c28f elementor-widget elementor-widget-heading\" data-id=\"12f3c28f\" data-element_type=\"widget\" data-widget_type=\"heading.default\">\n\t\t\t\t<div class=\"elementor-widget-container\">\n\t\t\t\t\t<h1 class=\"elementor-heading-title elementor-size-default\">Our Services<\/h1>\t\t\t\t<\/div>\n\t\t\t\t<\/div>\n\t\t\t\t\t<\/div>\n\t\t\t\t<\/div>\n\t\t\t\t<\/div>\n\t\t<div class=\"elementor-element elementor-element-3777f679 e-flex e-con-boxed e-con e-parent\" data-id=\"3777f679\" data-element_type=\"container\" data-settings=\"{&quot;background_background&quot;:&quot;classic&quot;}\">\n\t\t\t\t\t<div class=\"e-con-inner\">\n\t\t<div class=\"elementor-element elementor-element-1b3f7f18 e-flex e-con-boxed e-con e-child\" data-id=\"1b3f7f18\" data-element_type=\"container\" data-settings=\"{&quot;background_background&quot;:&quot;classic&quot;}\">\n\t\t\t\t\t<div class=\"e-con-inner\">\n\t\t\t\t<div class=\"elementor-element elementor-element-6df8e5bf elementor-widget elementor-widget-heading\" data-id=\"6df8e5bf\" data-element_type=\"widget\" data-widget_type=\"heading.default\">\n\t\t\t\t<div class=\"elementor-widget-container\">\n\t\t\t\t\t<h2 class=\"elementor-heading-title elementor-size-default\">Our service offering is based on our <b>expertise <\/b>in industrial installations improvement and optimization and supports you at each stage of your project, from design to execution.<\/h2>\t\t\t\t<\/div>\n\t\t\t\t<\/div>\n\t\t\t\t\t<\/div>\n\t\t\t\t<\/div>\n\t\t<div class=\"elementor-element elementor-element-72e59d2 e-con-full e-flex e-con e-child\" data-id=\"72e59d2\" data-element_type=\"container\">\n\t\t<div class=\"elementor-element elementor-element-a540f69 e-con-full e-flex e-con e-child\" data-id=\"a540f69\" data-element_type=\"container\" data-settings=\"{&quot;background_background&quot;:&quot;classic&quot;}\">\n\t\t\t\t<div class=\"elementor-element elementor-element-5915eb1 elementor-widget elementor-widget-menu-anchor\" data-id=\"5915eb1\" data-element_type=\"widget\" data-widget_type=\"menu-anchor.default\">\n\t\t\t\t<div class=\"elementor-widget-container\">\n\t\t\t\t\t\t\t<div class=\"elementor-menu-anchor\" id=\"ingenierie\"><\/div>\n\t\t\t\t\t\t<\/div>\n\t\t\t\t<\/div>\n\t\t\t\t<div class=\"elementor-element elementor-element-be56aa8 elementor-view-stacked elementor-shape-circle elementor-position-top elementor-mobile-position-top elementor-widget elementor-widget-icon-box\" data-id=\"be56aa8\" data-element_type=\"widget\" data-widget_type=\"icon-box.default\">\n\t\t\t\t<div class=\"elementor-widget-container\">\n\t\t\t\t\t\t\t<div class=\"elementor-icon-box-wrapper\">\n\n\t\t\t\t\t\t<div class=\"elementor-icon-box-icon\">\n\t\t\t\t<span  class=\"elementor-icon\">\n\t\t\t\t<i aria-hidden=\"true\" class=\"icon icon-settings1\"><\/i>\t\t\t\t<\/span>\n\t\t\t<\/div>\n\t\t\t\n\t\t\t\t\t\t<div class=\"elementor-icon-box-content\">\n\n\t\t\t\t\t\t\t\t\t<div class=\"elementor-icon-box-title\">\n\t\t\t\t\t\t<span  >\n\t\t\t\t\t\t\tEngineering\t\t\t\t\t\t<\/span>\n\t\t\t\t\t<\/div>\n\t\t\t\t\n\t\t\t\t\t\t\t\t\t<p class=\"elementor-icon-box-description\">\n\t\t\t\t\t\tWe offer a full range of engineering services to support industries in their projects:<br><br>\n\n\u2060Design of industrial systems: Development of solutions adapted to the specific needs of each client.<br><br>\n\n- Engineering studies: Technical and economic analysis to assess the viability of projects in all phases of the project.<br><br>\n\n\u2022\u2060  \u2060Process optimization: Improving the performance of existing installations to maximize energy efficiency.\n\t\t\t\t\t<\/p>\n\t\t\t\t\n\t\t\t<\/div>\n\t\t\t\n\t\t<\/div>\n\t\t\t\t\t\t<\/div>\n\t\t\t\t<\/div>\n\t\t\t\t<div class=\"elementor-element elementor-element-9e72c0f elementor-widget-divider--view-line elementor-widget elementor-widget-divider\" data-id=\"9e72c0f\" data-element_type=\"widget\" data-widget_type=\"divider.default\">\n\t\t\t\t<div class=\"elementor-widget-container\">\n\t\t\t\t\t\t\t<div class=\"elementor-divider\">\n\t\t\t<span class=\"elementor-divider-separator\">\n\t\t\t\t\t\t<\/span>\n\t\t<\/div>\n\t\t\t\t\t\t<\/div>\n\t\t\t\t<\/div>\n\t\t\t\t<div class=\"elementor-element elementor-element-9c0fc97 elementor-absolute elementor-widget elementor-widget-heading\" data-id=\"9c0fc97\" data-element_type=\"widget\" data-settings=\"{&quot;_position&quot;:&quot;absolute&quot;}\" data-widget_type=\"heading.default\">\n\t\t\t\t<div class=\"elementor-widget-container\">\n\t\t\t\t\t<div class=\"elementor-heading-title elementor-size-default\">01<\/div>\t\t\t\t<\/div>\n\t\t\t\t<\/div>\n\t\t\t\t<\/div>\n\t\t<div class=\"elementor-element elementor-element-450b148 e-con-full e-flex e-con e-child\" data-id=\"450b148\" data-element_type=\"container\" data-settings=\"{&quot;background_background&quot;:&quot;classic&quot;}\">\n\t\t\t\t<div class=\"elementor-element elementor-element-047925b elementor-widget elementor-widget-menu-anchor\" data-id=\"047925b\" data-element_type=\"widget\" data-widget_type=\"menu-anchor.default\">\n\t\t\t\t<div class=\"elementor-widget-container\">\n\t\t\t\t\t\t\t<div class=\"elementor-menu-anchor\" id=\"amo\"><\/div>\n\t\t\t\t\t\t<\/div>\n\t\t\t\t<\/div>\n\t\t\t\t<div class=\"elementor-element elementor-element-3dec1ef elementor-view-stacked elementor-shape-circle elementor-position-top elementor-mobile-position-top elementor-widget elementor-widget-icon-box\" data-id=\"3dec1ef\" data-element_type=\"widget\" data-widget_type=\"icon-box.default\">\n\t\t\t\t<div class=\"elementor-widget-container\">\n\t\t\t\t\t\t\t<div class=\"elementor-icon-box-wrapper\">\n\n\t\t\t\t\t\t<div class=\"elementor-icon-box-icon\">\n\t\t\t\t<span  class=\"elementor-icon\">\n\t\t\t\t<i aria-hidden=\"true\" class=\"icon icon-consut2\"><\/i>\t\t\t\t<\/span>\n\t\t\t<\/div>\n\t\t\t\n\t\t\t\t\t\t<div class=\"elementor-icon-box-content\">\n\n\t\t\t\t\t\t\t\t\t<div class=\"elementor-icon-box-title\">\n\t\t\t\t\t\t<span  >\n\t\t\t\t\t\t\tProject Management Assistance \t\t\t\t\t\t<\/span>\n\t\t\t\t\t<\/div>\n\t\t\t\t\n\t\t\t\t\t\t\t\t\t<p class=\"elementor-icon-box-description\">\n\t\t\t\t\t\tAs project management assistants, we support our clients throughout their projects, from design to completion:<br><br>\n\n\u2022\u2060 Definition of needs: Helps to precisely formulate the project requirements.<br><br>\n\n\u2022\u2060 Selection of service providers: Assistance in choosing partners and suppliers.<br><br>\n\n\u2022\u2060  Project monitoring: Management of costs, deadlines and quality to guarantee the success of the project.<br>\t\t\t\t\t<\/p>\n\t\t\t\t\n\t\t\t<\/div>\n\t\t\t\n\t\t<\/div>\n\t\t\t\t\t\t<\/div>\n\t\t\t\t<\/div>\n\t\t\t\t<div class=\"elementor-element elementor-element-05dc9e7 elementor-widget-divider--view-line elementor-widget elementor-widget-divider\" data-id=\"05dc9e7\" data-element_type=\"widget\" data-widget_type=\"divider.default\">\n\t\t\t\t<div class=\"elementor-widget-container\">\n\t\t\t\t\t\t\t<div class=\"elementor-divider\">\n\t\t\t<span class=\"elementor-divider-separator\">\n\t\t\t\t\t\t<\/span>\n\t\t<\/div>\n\t\t\t\t\t\t<\/div>\n\t\t\t\t<\/div>\n\t\t\t\t<div class=\"elementor-element elementor-element-c4f2dff elementor-absolute elementor-widget elementor-widget-heading\" data-id=\"c4f2dff\" data-element_type=\"widget\" data-settings=\"{&quot;_position&quot;:&quot;absolute&quot;}\" data-widget_type=\"heading.default\">\n\t\t\t\t<div class=\"elementor-widget-container\">\n\t\t\t\t\t<div class=\"elementor-heading-title elementor-size-default\">02<\/div>\t\t\t\t<\/div>\n\t\t\t\t<\/div>\n\t\t\t\t<\/div>\n\t\t\t\t<\/div>\n\t\t<div class=\"elementor-element elementor-element-c2c8f04 e-con-full e-flex e-con e-child\" data-id=\"c2c8f04\" data-element_type=\"container\">\n\t\t<div class=\"elementor-element elementor-element-a5a3495 e-con-full e-flex e-con e-child\" data-id=\"a5a3495\" data-element_type=\"container\" data-settings=\"{&quot;background_background&quot;:&quot;classic&quot;}\">\n\t\t\t\t<div class=\"elementor-element elementor-element-7fffe65 elementor-widget elementor-widget-menu-anchor\" data-id=\"7fffe65\" data-element_type=\"widget\" data-widget_type=\"menu-anchor.default\">\n\t\t\t\t<div class=\"elementor-widget-container\">\n\t\t\t\t\t\t\t<div class=\"elementor-menu-anchor\" id=\"exploitation\"><\/div>\n\t\t\t\t\t\t<\/div>\n\t\t\t\t<\/div>\n\t\t\t\t<div class=\"elementor-element elementor-element-70511f5 elementor-view-stacked elementor-shape-circle elementor-position-top elementor-mobile-position-top elementor-widget elementor-widget-icon-box\" data-id=\"70511f5\" data-element_type=\"widget\" data-widget_type=\"icon-box.default\">\n\t\t\t\t<div class=\"elementor-widget-container\">\n\t\t\t\t\t\t\t<div class=\"elementor-icon-box-wrapper\">\n\n\t\t\t\t\t\t<div class=\"elementor-icon-box-icon\">\n\t\t\t\t<span  class=\"elementor-icon\">\n\t\t\t\t<i aria-hidden=\"true\" class=\"icon icon-energy-saving\"><\/i>\t\t\t\t<\/span>\n\t\t\t<\/div>\n\t\t\t\n\t\t\t\t\t\t<div class=\"elementor-icon-box-content\">\n\n\t\t\t\t\t\t\t\t\t<div class=\"elementor-icon-box-title\">\n\t\t\t\t\t\t<span  >\n\t\t\t\t\t\t\tOperation and maintenance assistance\t\t\t\t\t\t<\/span>\n\t\t\t\t\t<\/div>\n\t\t\t\t\n\t\t\t\t\t\t\t\t\t<p class=\"elementor-icon-box-description\">\n\t\t\t\t\t\tWe offer services to ensure the sustainability and proper functioning of industrial installations:<br><br>\n\n- Diagnostics of installations: Assessment of the condition of equipment and identification of areas for improvement.<br><br>\n\n- Development of maintenance strategies: Definition of suitable maintenance plans to optimize the lifespan of installations.<br><br>\n\n\u2022\u2060  \u2060Operational monitoring: Support for industrial players in the operation of their facilities and implementation of indicators to monitor and improve their operational performance.\n\t\t\t\t\t<\/p>\n\t\t\t\t\n\t\t\t<\/div>\n\t\t\t\n\t\t<\/div>\n\t\t\t\t\t\t<\/div>\n\t\t\t\t<\/div>\n\t\t\t\t<div class=\"elementor-element elementor-element-19db522 elementor-widget-divider--view-line elementor-widget elementor-widget-divider\" data-id=\"19db522\" data-element_type=\"widget\" data-widget_type=\"divider.default\">\n\t\t\t\t<div class=\"elementor-widget-container\">\n\t\t\t\t\t\t\t<div class=\"elementor-divider\">\n\t\t\t<span class=\"elementor-divider-separator\">\n\t\t\t\t\t\t<\/span>\n\t\t<\/div>\n\t\t\t\t\t\t<\/div>\n\t\t\t\t<\/div>\n\t\t\t\t<div class=\"elementor-element elementor-element-2555cc9 elementor-absolute elementor-widget elementor-widget-heading\" data-id=\"2555cc9\" data-element_type=\"widget\" data-settings=\"{&quot;_position&quot;:&quot;absolute&quot;}\" data-widget_type=\"heading.default\">\n\t\t\t\t<div class=\"elementor-widget-container\">\n\t\t\t\t\t<div class=\"elementor-heading-title elementor-size-default\">03<\/div>\t\t\t\t<\/div>\n\t\t\t\t<\/div>\n\t\t\t\t<\/div>\n\t\t<div class=\"elementor-element elementor-element-023ede7 e-con-full e-flex e-con e-child\" data-id=\"023ede7\" data-element_type=\"container\" data-settings=\"{&quot;background_background&quot;:&quot;classic&quot;}\">\n\t\t\t\t<div class=\"elementor-element elementor-element-805e654 elementor-widget elementor-widget-menu-anchor\" data-id=\"805e654\" data-element_type=\"widget\" data-widget_type=\"menu-anchor.default\">\n\t\t\t\t<div class=\"elementor-widget-container\">\n\t\t\t\t\t\t\t<div class=\"elementor-menu-anchor\" id=\"appro\"><\/div>\n\t\t\t\t\t\t<\/div>\n\t\t\t\t<\/div>\n\t\t\t\t<div class=\"elementor-element elementor-element-e7e444c elementor-view-stacked elementor-shape-circle elementor-position-top elementor-mobile-position-top elementor-widget elementor-widget-icon-box\" data-id=\"e7e444c\" data-element_type=\"widget\" data-widget_type=\"icon-box.default\">\n\t\t\t\t<div class=\"elementor-widget-container\">\n\t\t\t\t\t\t\t<div class=\"elementor-icon-box-wrapper\">\n\n\t\t\t\t\t\t<div class=\"elementor-icon-box-icon\">\n\t\t\t\t<span  class=\"elementor-icon\">\n\t\t\t\t<i aria-hidden=\"true\" class=\"icon icon-Design-3\"><\/i>\t\t\t\t<\/span>\n\t\t\t<\/div>\n\t\t\t\n\t\t\t\t\t\t<div class=\"elementor-icon-box-content\">\n\n\t\t\t\t\t\t\t\t\t<div class=\"elementor-icon-box-title\">\n\t\t\t\t\t\t<span  >\n\t\t\t\t\t\t\tProcurement Services\t\t\t\t\t\t<\/span>\n\t\t\t\t\t<\/div>\n\t\t\t\t\n\t\t\t\t\t\t\t\t\t<p class=\"elementor-icon-box-description\">\n\t\t\t\t\t\tWe manage the complete supply of equipment and materials, from needs analysis to supplier selection, optimizing each stage of the purchasing process:<br><br>\n\n \u2022 Analysis and definition of your specific needs in materials and equipment<br><br>\n\u2022\u2060 Development of technical and commercial documents for business consultation.<br><br>\n \u2022 Preparation and management of calls for tenders and requests for proposals, ensuring effective competition.<br><br>\n\u2022 Identification and selection of the most relevant suppliers, taking into account quality, cost and deadline criteria.\t\t\t\t\t<\/p>\n\t\t\t\t\n\t\t\t<\/div>\n\t\t\t\n\t\t<\/div>\n\t\t\t\t\t\t<\/div>\n\t\t\t\t<\/div>\n\t\t\t\t<div class=\"elementor-element elementor-element-5258186 elementor-widget-divider--view-line elementor-widget elementor-widget-divider\" data-id=\"5258186\" data-element_type=\"widget\" data-widget_type=\"divider.default\">\n\t\t\t\t<div class=\"elementor-widget-container\">\n\t\t\t\t\t\t\t<div class=\"elementor-divider\">\n\t\t\t<span class=\"elementor-divider-separator\">\n\t\t\t\t\t\t<\/span>\n\t\t<\/div>\n\t\t\t\t\t\t<\/div>\n\t\t\t\t<\/div>\n\t\t\t\t<div class=\"elementor-element elementor-element-3c382b1 elementor-absolute elementor-widget elementor-widget-heading\" data-id=\"3c382b1\" data-element_type=\"widget\" data-settings=\"{&quot;_position&quot;:&quot;absolute&quot;}\" data-widget_type=\"heading.default\">\n\t\t\t\t<div class=\"elementor-widget-container\">\n\t\t\t\t\t<div class=\"elementor-heading-title elementor-size-default\">04<\/div>\t\t\t\t<\/div>\n\t\t\t\t<\/div>\n\t\t\t\t<\/div>\n\t\t\t\t<\/div>\n\t\t\t\t\t<\/div>\n\t\t\t\t<\/div>\n\t\t\t\t<\/div>","protected":false},"excerpt":{"rendered":"<p>Notre offre de services s\u2019appuie sur notre expertise dans l\u2019am\u00e9lioration et l\u2019optimisation des installations industrielles et vous accompagne \u00e0 chaque \u00e9tape de votre projet, de la conception \u00e0 l\u2019ex\u00e9cution. Ing\u00e9nierie Nous proposons une gamme compl\u00e8te de services d&rsquo;ing\u00e9nierie pour accompagner les industries dans leurs projets : \u2022\u2060 \u2060Conception de syst\u00e8mes industriels : D\u00e9veloppement de solutions [&hellip;]<\/p>","protected":false},"author":1,"featured_media":0,"parent":0,"menu_order":0,"comment_status":"closed","ping_status":"closed","template":"elementor_header_footer","meta":{"footnotes":""},"class_list":["post-11","page","type-page","status-publish","hentry"],"yoast_head":"<!-- This site is optimized with the Yoast SEO plugin v24.6 - https:\/\/yoast.com\/wordpress\/plugins\/seo\/ -->\n<title>Nos Services - Procestec<\/title>\n<meta name=\"description\" content=\"Notre offre de services portent sur l&#039;am\u00e9lioration et l\u2019optimisation des installations industrielles de la conception \u00e0 l\u2019ex\u00e9cution.\" \/>\n<meta name=\"robots\" content=\"index, follow, max-snippet:-1, max-image-preview:large, max-video-preview:-1\" \/>\n<link rel=\"canonical\" href=\"https:\/\/procestec.com\/en\/services\/\" \/>\n<meta property=\"og:locale\" content=\"en_US\" \/>\n<meta property=\"og:type\" content=\"article\" \/>\n<meta property=\"og:title\" content=\"Nos Services - Procestec\" \/>\n<meta property=\"og:description\" content=\"Notre offre de services portent sur l&#039;am\u00e9lioration et l\u2019optimisation des installations industrielles de la conception \u00e0 l\u2019ex\u00e9cution.\" \/>\n<meta property=\"og:url\" content=\"https:\/\/procestec.com\/en\/services\/\" \/>\n<meta property=\"og:site_name\" content=\"Procestec\" \/>\n<meta property=\"article:modified_time\" content=\"2025-03-17T23:43:57+00:00\" \/>\n<meta name=\"twitter:card\" content=\"summary_large_image\" \/>\n<meta name=\"twitter:label1\" content=\"Est. reading time\" \/>\n\t<meta name=\"twitter:data1\" content=\"1 minute\" \/>\n<script type=\"application\/ld+json\" class=\"yoast-schema-graph\">{\"@context\":\"https:\/\/schema.org\",\"@graph\":[{\"@type\":\"WebPage\",\"@id\":\"https:\/\/procestec.com\/services\/\",\"url\":\"https:\/\/procestec.com\/services\/\",\"name\":\"Nos Services - Procestec\",\"isPartOf\":{\"@id\":\"https:\/\/procestec.com\/#website\"},\"datePublished\":\"2024-10-29T10:28:39+00:00\",\"dateModified\":\"2025-03-17T23:43:57+00:00\",\"description\":\"Notre offre de services portent sur l'am\u00e9lioration et l\u2019optimisation des installations industrielles de la conception \u00e0 l\u2019ex\u00e9cution.\",\"breadcrumb\":{\"@id\":\"https:\/\/procestec.com\/services\/#breadcrumb\"},\"inLanguage\":\"en-US\",\"potentialAction\":[{\"@type\":\"ReadAction\",\"target\":[\"https:\/\/procestec.com\/services\/\"]}]},{\"@type\":\"BreadcrumbList\",\"@id\":\"https:\/\/procestec.com\/services\/#breadcrumb\",\"itemListElement\":[{\"@type\":\"ListItem\",\"position\":1,\"name\":\"Accueil\",\"item\":\"https:\/\/procestec.com\/\"},{\"@type\":\"ListItem\",\"position\":2,\"name\":\"Nos Services\"}]},{\"@type\":\"WebSite\",\"@id\":\"https:\/\/procestec.com\/#website\",\"url\":\"https:\/\/procestec.com\/\",\"name\":\"Procestec\",\"description\":\"PROC\u00c9D\u00c9S, ING\u00c9NIERIE ET TECHNOLOGIE\",\"publisher\":{\"@id\":\"https:\/\/procestec.com\/#organization\"},\"potentialAction\":[{\"@type\":\"SearchAction\",\"target\":{\"@type\":\"EntryPoint\",\"urlTemplate\":\"https:\/\/procestec.com\/?s={search_term_string}\"},\"query-input\":{\"@type\":\"PropertyValueSpecification\",\"valueRequired\":true,\"valueName\":\"search_term_string\"}}],\"inLanguage\":\"en-US\"},{\"@type\":\"Organization\",\"@id\":\"https:\/\/procestec.com\/#organization\",\"name\":\"Procestec\",\"url\":\"https:\/\/procestec.com\/\",\"logo\":{\"@type\":\"ImageObject\",\"inLanguage\":\"en-US\",\"@id\":\"https:\/\/procestec.com\/#\/schema\/logo\/image\/\",\"url\":\"https:\/\/procestec.com\/wp-content\/uploads\/2024\/10\/Logo-1-Original-HD.png\",\"contentUrl\":\"https:\/\/procestec.com\/wp-content\/uploads\/2024\/10\/Logo-1-Original-HD.png\",\"width\":3301,\"height\":1106,\"caption\":\"Procestec\"},\"image\":{\"@id\":\"https:\/\/procestec.com\/#\/schema\/logo\/image\/\"},\"sameAs\":[\"https:\/\/www.linkedin.com\/company\/procestec\/\"]}]}<\/script>\n<!-- \/ Yoast SEO plugin. -->","yoast_head_json":{"title":"Nos Services - Procestec","description":"Notre offre de services portent sur l'am\u00e9lioration et l\u2019optimisation des installations industrielles de la conception \u00e0 l\u2019ex\u00e9cution.","robots":{"index":"index","follow":"follow","max-snippet":"max-snippet:-1","max-image-preview":"max-image-preview:large","max-video-preview":"max-video-preview:-1"},"canonical":"https:\/\/procestec.com\/en\/services\/","og_locale":"en_US","og_type":"article","og_title":"Nos Services - Procestec","og_description":"Notre offre de services portent sur l'am\u00e9lioration et l\u2019optimisation des installations industrielles de la conception \u00e0 l\u2019ex\u00e9cution.","og_url":"https:\/\/procestec.com\/en\/services\/","og_site_name":"Procestec","article_modified_time":"2025-03-17T23:43:57+00:00","twitter_card":"summary_large_image","twitter_misc":{"Est. reading time":"1 minute"},"schema":{"@context":"https:\/\/schema.org","@graph":[{"@type":"WebPage","@id":"https:\/\/procestec.com\/services\/","url":"https:\/\/procestec.com\/services\/","name":"Nos Services - Procestec","isPartOf":{"@id":"https:\/\/procestec.com\/#website"},"datePublished":"2024-10-29T10:28:39+00:00","dateModified":"2025-03-17T23:43:57+00:00","description":"Notre offre de services portent sur l'am\u00e9lioration et l\u2019optimisation des installations industrielles de la conception \u00e0 l\u2019ex\u00e9cution.","breadcrumb":{"@id":"https:\/\/procestec.com\/services\/#breadcrumb"},"inLanguage":"en-US","potentialAction":[{"@type":"ReadAction","target":["https:\/\/procestec.com\/services\/"]}]},{"@type":"BreadcrumbList","@id":"https:\/\/procestec.com\/services\/#breadcrumb","itemListElement":[{"@type":"ListItem","position":1,"name":"Accueil","item":"https:\/\/procestec.com\/"},{"@type":"ListItem","position":2,"name":"Nos Services"}]},{"@type":"WebSite","@id":"https:\/\/procestec.com\/#website","url":"https:\/\/procestec.com\/","name":"Procestec","description":"PROC\u00c9D\u00c9S, ING\u00c9NIERIE ET TECHNOLOGIE","publisher":{"@id":"https:\/\/procestec.com\/#organization"},"potentialAction":[{"@type":"SearchAction","target":{"@type":"EntryPoint","urlTemplate":"https:\/\/procestec.com\/?s={search_term_string}"},"query-input":{"@type":"PropertyValueSpecification","valueRequired":true,"valueName":"search_term_string"}}],"inLanguage":"en-US"},{"@type":"Organization","@id":"https:\/\/procestec.com\/#organization","name":"Procestec","url":"https:\/\/procestec.com\/","logo":{"@type":"ImageObject","inLanguage":"en-US","@id":"https:\/\/procestec.com\/#\/schema\/logo\/image\/","url":"https:\/\/procestec.com\/wp-content\/uploads\/2024\/10\/Logo-1-Original-HD.png","contentUrl":"https:\/\/procestec.com\/wp-content\/uploads\/2024\/10\/Logo-1-Original-HD.png","width":3301,"height":1106,"caption":"Procestec"},"image":{"@id":"https:\/\/procestec.com\/#\/schema\/logo\/image\/"},"sameAs":["https:\/\/www.linkedin.com\/company\/procestec\/"]}]}},"_links":{"self":[{"href":"https:\/\/procestec.com\/en\/wp-json\/wp\/v2\/pages\/11","targetHints":{"allow":["GET"]}}],"collection":[{"href":"https:\/\/procestec.com\/en\/wp-json\/wp\/v2\/pages"}],"about":[{"href":"https:\/\/procestec.com\/en\/wp-json\/wp\/v2\/types\/page"}],"author":[{"embeddable":true,"href":"https:\/\/procestec.com\/en\/wp-json\/wp\/v2\/users\/1"}],"replies":[{"embeddable":true,"href":"https:\/\/procestec.com\/en\/wp-json\/wp\/v2\/comments?post=11"}],"version-history":[{"count":78,"href":"https:\/\/procestec.com\/en\/wp-json\/wp\/v2\/pages\/11\/revisions"}],"predecessor-version":[{"id":859,"href":"https:\/\/procestec.com\/en\/wp-json\/wp\/v2\/pages\/11\/revisions\/859"}],"wp:attachment":[{"href":"https:\/\/procestec.com\/en\/wp-json\/wp\/v2\/media?parent=11"}],"curies":[{"name":"wp","href":"https:\/\/api.w.org\/{rel}","templated":true}]}}