{"id":15,"date":"2024-10-29T10:29:03","date_gmt":"2024-10-29T10:29:03","guid":{"rendered":"http:\/\/yeve6631.odns.fr\/?page_id=15"},"modified":"2025-03-17T22:58:32","modified_gmt":"2025-03-17T22:58:32","slug":"nous-contacter","status":"publish","type":"page","link":"https:\/\/procestec.com\/en\/nous-contacter\/","title":{"rendered":"Contact Us"},"content":{"rendered":"<div data-elementor-type=\"wp-page\" data-elementor-id=\"15\" class=\"elementor elementor-15\" data-elementor-post-type=\"page\">\n\t\t\t\t<div class=\"elementor-element elementor-element-572e2c6e e-con-full e-flex e-con e-parent\" data-id=\"572e2c6e\" data-element_type=\"container\" data-settings=\"{&quot;background_background&quot;:&quot;classic&quot;}\">\n\t\t<div class=\"elementor-element elementor-element-34e84f7e e-flex e-con-boxed e-con e-child\" data-id=\"34e84f7e\" data-element_type=\"container\" data-settings=\"{&quot;background_background&quot;:&quot;gradient&quot;}\">\n\t\t\t\t\t<div class=\"e-con-inner\">\n\t\t\t\t<div class=\"elementor-element elementor-element-13591b07 elementor-widget elementor-widget-heading\" data-id=\"13591b07\" data-element_type=\"widget\" data-widget_type=\"heading.default\">\n\t\t\t\t<div class=\"elementor-widget-container\">\n\t\t\t\t\t<h1 class=\"elementor-heading-title elementor-size-default\">Contact Us<\/h1>\t\t\t\t<\/div>\n\t\t\t\t<\/div>\n\t\t\t\t\t<\/div>\n\t\t\t\t<\/div>\n\t\t\t\t<\/div>\n\t\t<div class=\"elementor-element elementor-element-7e9326e4 e-flex e-con-boxed e-con e-parent\" data-id=\"7e9326e4\" data-element_type=\"container\" data-settings=\"{&quot;background_background&quot;:&quot;classic&quot;}\">\n\t\t\t\t\t<div class=\"e-con-inner\">\n\t\t<div class=\"elementor-element elementor-element-39e26f3b e-con-full e-flex e-con e-child\" data-id=\"39e26f3b\" data-element_type=\"container\">\n\t\t\t\t<div class=\"elementor-element elementor-element-33f58938 elementor-widget__width-initial elementor-widget elementor-widget-heading\" data-id=\"33f58938\" data-element_type=\"widget\" data-widget_type=\"heading.default\">\n\t\t\t\t<div class=\"elementor-widget-container\">\n\t\t\t\t\t<h2 class=\"elementor-heading-title elementor-size-default\">A question, a project?<br> Feel free to contact us!<\/h2>\t\t\t\t<\/div>\n\t\t\t\t<\/div>\n\t\t\t\t<div class=\"elementor-element elementor-element-25e0399d elementor-widget elementor-widget-heading\" data-id=\"25e0399d\" data-element_type=\"widget\" data-widget_type=\"heading.default\">\n\t\t\t\t<div class=\"elementor-widget-container\">\n\t\t\t\t\t<div class=\"elementor-heading-title elementor-size-default\">By phone or by mail, we always respond as quickly as possible.<\/div>\t\t\t\t<\/div>\n\t\t\t\t<\/div>\n\t\t\t\t<div class=\"elementor-element elementor-element-4f1271be elementor-widget-divider--view-line elementor-widget elementor-widget-divider\" data-id=\"4f1271be\" data-element_type=\"widget\" data-widget_type=\"divider.default\">\n\t\t\t\t<div class=\"elementor-widget-container\">\n\t\t\t\t\t\t\t<div class=\"elementor-divider\">\n\t\t\t<span class=\"elementor-divider-separator\">\n\t\t\t\t\t\t<\/span>\n\t\t<\/div>\n\t\t\t\t\t\t<\/div>\n\t\t\t\t<\/div>\n\t\t\t\t<div class=\"elementor-element elementor-element-78e13fa7 elementor-view-stacked elementor-position-left elementor-mobile-position-left elementor-shape-circle elementor-vertical-align-top elementor-widget elementor-widget-icon-box\" data-id=\"78e13fa7\" data-element_type=\"widget\" data-widget_type=\"icon-box.default\">\n\t\t\t\t<div class=\"elementor-widget-container\">\n\t\t\t\t\t\t\t<div class=\"elementor-icon-box-wrapper\">\n\n\t\t\t\t\t\t<div class=\"elementor-icon-box-icon\">\n\t\t\t\t<span  class=\"elementor-icon\">\n\t\t\t\t<svg aria-hidden=\"true\" class=\"e-font-icon-svg e-fas-building\" viewbox=\"0 0 448 512\" xmlns=\"http:\/\/www.w3.org\/2000\/svg\"><path d=\"M436 480h-20V24c0-13.255-10.745-24-24-24H56C42.745 0 32 10.745 32 24v456H12c-6.627 0-12 5.373-12 12v20h448v-20c0-6.627-5.373-12-12-12zM128 76c0-6.627 5.373-12 12-12h40c6.627 0 12 5.373 12 12v40c0 6.627-5.373 12-12 12h-40c-6.627 0-12-5.373-12-12V76zm0 96c0-6.627 5.373-12 12-12h40c6.627 0 12 5.373 12 12v40c0 6.627-5.373 12-12 12h-40c-6.627 0-12-5.373-12-12v-40zm52 148h-40c-6.627 0-12-5.373-12-12v-40c0-6.627 5.373-12 12-12h40c6.627 0 12 5.373 12 12v40c0 6.627-5.373 12-12 12zm76 160h-64v-84c0-6.627 5.373-12 12-12h40c6.627 0 12 5.373 12 12v84zm64-172c0 6.627-5.373 12-12 12h-40c-6.627 0-12-5.373-12-12v-40c0-6.627 5.373-12 12-12h40c6.627 0 12 5.373 12 12v40zm0-96c0 6.627-5.373 12-12 12h-40c-6.627 0-12-5.373-12-12v-40c0-6.627 5.373-12 12-12h40c6.627 0 12 5.373 12 12v40zm0-96c0 6.627-5.373 12-12 12h-40c-6.627 0-12-5.373-12-12V76c0-6.627 5.373-12 12-12h40c6.627 0 12 5.373 12 12v40z\"><\/path><\/svg>\t\t\t\t<\/span>\n\t\t\t<\/div>\n\t\t\t\n\t\t\t\t\t\t<div class=\"elementor-icon-box-content\">\n\n\t\t\t\t\t\t\t\t\t<div class=\"elementor-icon-box-title\">\n\t\t\t\t\t\t<span  >\n\t\t\t\t\t\t\tOffice\t\t\t\t\t\t<\/span>\n\t\t\t\t\t<\/div>\n\t\t\t\t\n\t\t\t\t\t\t\t\t\t<p class=\"elementor-icon-box-description\">\n\t\t\t\t\t\t39 rue des Peupliers <br>\n92000 NANTERRE\t\t\t\t\t<\/p>\n\t\t\t\t\n\t\t\t<\/div>\n\t\t\t\n\t\t<\/div>\n\t\t\t\t\t\t<\/div>\n\t\t\t\t<\/div>\n\t\t\t\t<div class=\"elementor-element elementor-element-3aa95615 elementor-view-stacked elementor-position-left elementor-mobile-position-left elementor-shape-circle elementor-vertical-align-top elementor-widget elementor-widget-icon-box\" data-id=\"3aa95615\" data-element_type=\"widget\" data-widget_type=\"icon-box.default\">\n\t\t\t\t<div class=\"elementor-widget-container\">\n\t\t\t\t\t\t\t<div class=\"elementor-icon-box-wrapper\">\n\n\t\t\t\t\t\t<div class=\"elementor-icon-box-icon\">\n\t\t\t\t<span  class=\"elementor-icon\">\n\t\t\t\t<i aria-hidden=\"true\" class=\"icon_phone\"><\/i>\t\t\t\t<\/span>\n\t\t\t<\/div>\n\t\t\t\n\t\t\t\t\t\t<div class=\"elementor-icon-box-content\">\n\n\t\t\t\t\t\t\t\t\t<div class=\"elementor-icon-box-title\">\n\t\t\t\t\t\t<span  >\n\t\t\t\t\t\t\tCall us\t\t\t\t\t\t<\/span>\n\t\t\t\t\t<\/div>\n\t\t\t\t\n\t\t\t\t\t\t\t\t\t<p class=\"elementor-icon-box-description\">\n\t\t\t\t\t\tPhone: +33 1 57 71 29 80\t\t\t\t\t<\/p>\n\t\t\t\t\n\t\t\t<\/div>\n\t\t\t\n\t\t<\/div>\n\t\t\t\t\t\t<\/div>\n\t\t\t\t<\/div>\n\t\t\t\t<\/div>\n\t\t<div class=\"elementor-element elementor-element-530bad7d e-con-full e-flex e-con e-child\" data-id=\"530bad7d\" data-element_type=\"container\" data-settings=\"{&quot;background_background&quot;:&quot;classic&quot;}\">\n\t\t\t\t<div class=\"elementor-element elementor-element-738c0a3a elementor-widget elementor-widget-heading\" data-id=\"738c0a3a\" data-element_type=\"widget\" data-widget_type=\"heading.default\">\n\t\t\t\t<div class=\"elementor-widget-container\">\n\t\t\t\t\t<h3 class=\"elementor-heading-title elementor-size-default\">Send us a message<\/h3>\t\t\t\t<\/div>\n\t\t\t\t<\/div>\n\t\t\t\t<div class=\"elementor-element elementor-element-2d121077 elementor-widget-divider--view-line elementor-widget elementor-widget-divider\" data-id=\"2d121077\" data-element_type=\"widget\" data-widget_type=\"divider.default\">\n\t\t\t\t<div class=\"elementor-widget-container\">\n\t\t\t\t\t\t\t<div class=\"elementor-divider\">\n\t\t\t<span class=\"elementor-divider-separator\">\n\t\t\t\t\t\t<\/span>\n\t\t<\/div>\n\t\t\t\t\t\t<\/div>\n\t\t\t\t<\/div>\n\t\t\t\t<div class=\"elementor-element elementor-element-1ceb8236 elementor-button-align-start elementor-mobile-button-align-stretch elementor-widget elementor-widget-form\" data-id=\"1ceb8236\" data-element_type=\"widget\" data-settings=\"{&quot;step_next_label&quot;:&quot;Next&quot;,&quot;step_previous_label&quot;:&quot;Previous&quot;,&quot;button_width&quot;:&quot;100&quot;,&quot;step_type&quot;:&quot;number_text&quot;,&quot;step_icon_shape&quot;:&quot;circle&quot;}\" data-widget_type=\"form.default\">\n\t\t\t\t<div class=\"elementor-widget-container\">\n\t\t\t\t\t\t\t<form class=\"elementor-form\" method=\"post\" name=\"New Form\" action=\"\">\n\t\t\t<input type=\"hidden\" name=\"post_id\" value=\"15\"\/>\n\t\t\t<input type=\"hidden\" name=\"form_id\" value=\"1ceb8236\"\/>\n\t\t\t<input type=\"hidden\" name=\"referer_title\" value=\"Nous Contacter - Procestec\" \/>\n\n\t\t\t\t\t\t\t<input type=\"hidden\" name=\"queried_id\" value=\"15\"\/>\n\t\t\t\n\t\t\t<div class=\"elementor-form-fields-wrapper elementor-labels-above\">\n\t\t\t\t\t\t\t\t<div class=\"elementor-field-type-text elementor-field-group elementor-column elementor-field-group-name elementor-col-50\">\n\t\t\t\t\t\t\t\t\t\t\t\t<label for=\"form-field-name\" class=\"elementor-field-label\">\n\t\t\t\t\t\t\t\tName\t\t\t\t\t\t\t<\/label>\n\t\t\t\t\t\t\t\t\t\t\t\t\t\t<input size=\"1\" type=\"text\" name=\"form_fields[name]\" id=\"form-field-name\" class=\"elementor-field elementor-size-sm  elementor-field-textual\" placeholder=\"Name\">\n\t\t\t\t\t\t\t\t\t\t\t<\/div>\n\t\t\t\t\t\t\t\t<div class=\"elementor-field-type-text elementor-field-group elementor-column elementor-field-group-field_cfe7ee9 elementor-col-50\">\n\t\t\t\t\t\t\t\t\t\t\t\t<label for=\"form-field-field_cfe7ee9\" class=\"elementor-field-label\">\n\t\t\t\t\t\t\t\tCompany Name\t\t\t\t\t\t\t<\/label>\n\t\t\t\t\t\t\t\t\t\t\t\t\t\t<input size=\"1\" type=\"text\" name=\"form_fields[field_cfe7ee9]\" id=\"form-field-field_cfe7ee9\" class=\"elementor-field elementor-size-sm  elementor-field-textual\" placeholder=\"Company Name\">\n\t\t\t\t\t\t\t\t\t\t\t<\/div>\n\t\t\t\t\t\t\t\t<div class=\"elementor-field-type-email elementor-field-group elementor-column elementor-field-group-field_d501482 elementor-col-50 elementor-field-required elementor-mark-required\">\n\t\t\t\t\t\t\t\t\t\t\t\t<label for=\"form-field-field_d501482\" class=\"elementor-field-label\">\n\t\t\t\t\t\t\t\tMail\t\t\t\t\t\t\t<\/label>\n\t\t\t\t\t\t\t\t\t\t\t\t\t\t<input size=\"1\" type=\"email\" name=\"form_fields[field_d501482]\" id=\"form-field-field_d501482\" class=\"elementor-field elementor-size-sm  elementor-field-textual\" placeholder=\"Mail\" required=\"required\" aria-required=\"true\">\n\t\t\t\t\t\t\t\t\t\t\t<\/div>\n\t\t\t\t\t\t\t\t<div class=\"elementor-field-type-number elementor-field-group elementor-column elementor-field-group-field_0ef2718 elementor-col-50 elementor-field-required elementor-mark-required\">\n\t\t\t\t\t\t\t\t\t\t\t\t<label for=\"form-field-field_0ef2718\" class=\"elementor-field-label\">\n\t\t\t\t\t\t\t\tPhone\t\t\t\t\t\t\t<\/label>\n\t\t\t\t\t\t\t\t\t<input type=\"number\" name=\"form_fields[field_0ef2718]\" id=\"form-field-field_0ef2718\" class=\"elementor-field elementor-size-sm  elementor-field-textual\" placeholder=\"Phone\" required=\"required\" aria-required=\"true\" min=\"\" max=\"\" >\n\t\t\t\t\t\t<\/div>\n\t\t\t\t\t\t\t\t<div class=\"elementor-field-type-text elementor-field-group elementor-column elementor-field-group-field_842998e elementor-col-100\">\n\t\t\t\t\t\t\t\t\t\t\t\t<label for=\"form-field-field_842998e\" class=\"elementor-field-label\">\n\t\t\t\t\t\t\t\tSubject\t\t\t\t\t\t\t<\/label>\n\t\t\t\t\t\t\t\t\t\t\t\t\t\t<input size=\"1\" type=\"text\" name=\"form_fields[field_842998e]\" id=\"form-field-field_842998e\" class=\"elementor-field elementor-size-sm  elementor-field-textual\" placeholder=\"Subject\">\n\t\t\t\t\t\t\t\t\t\t\t<\/div>\n\t\t\t\t\t\t\t\t<div class=\"elementor-field-type-textarea elementor-field-group elementor-column elementor-field-group-message elementor-col-100\">\n\t\t\t\t\t\t\t\t\t\t\t\t<label for=\"form-field-message\" class=\"elementor-field-label\">\n\t\t\t\t\t\t\t\tMessage\t\t\t\t\t\t\t<\/label>\n\t\t\t\t\t\t<textarea class=\"elementor-field-textual elementor-field  elementor-size-sm\" name=\"form_fields[message]\" id=\"form-field-message\" rows=\"4\" placeholder=\"Message\"><\/textarea>\t\t\t\t<\/div>\n\t\t\t\t\t\t\t\t<div class=\"elementor-field-group elementor-column elementor-field-type-submit elementor-col-100 e-form__buttons\">\n\t\t\t\t\t<button class=\"elementor-button elementor-size-sm\" type=\"submit\">\n\t\t\t\t\t\t<span class=\"elementor-button-content-wrapper\">\n\t\t\t\t\t\t\t\t\t\t\t\t\t\t\t<span class=\"elementor-button-icon\">\n\t\t\t\t\t\t\t\t\t<svg aria-hidden=\"true\" class=\"e-font-icon-svg e-far-paper-plane\" viewbox=\"0 0 512 512\" xmlns=\"http:\/\/www.w3.org\/2000\/svg\"><path d=\"M440 6.5L24 246.4c-34.4 19.9-31.1 70.8 5.7 85.9L144 379.6V464c0 46.4 59.2 65.5 86.6 28.6l43.8-59.1 111.9 46.2c5.9 2.4 12.1 3.6 18.3 3.6 8.2 0 16.3-2.1 23.6-6.2 12.8-7.2 21.6-20 23.9-34.5l59.4-387.2c6.1-40.1-36.9-68.8-71.5-48.9zM192 464v-64.6l36.6 15.1L192 464zm212.6-28.7l-153.8-63.5L391 169.5c10.7-15.5-9.5-33.5-23.7-21.2L155.8 332.6 48 288 464 48l-59.4 387.3z\"><\/path><\/svg>\t\t\t\t\t\t\t\t\t\t\t\t\t\t\t\t\t<\/span>\n\t\t\t\t\t\t\t\t\t\t\t\t\t\t\t\t\t\t\t\t\t\t<span class=\"elementor-button-text\">Send<\/span>\n\t\t\t\t\t\t\t\t\t\t\t\t\t<\/span>\n\t\t\t\t\t<\/button>\n\t\t\t\t<\/div>\n\t\t\t<\/div>\n\t\t<input type=\"hidden\" name=\"trp-form-language\" value=\"en\"\/><\/form>\n\t\t\t\t\t\t<\/div>\n\t\t\t\t<\/div>\n\t\t\t\t<\/div>\n\t\t\t\t\t<\/div>\n\t\t\t\t<\/div>\n\t\t<div class=\"elementor-element elementor-element-4d55c600 e-con-full e-flex e-con e-parent\" data-id=\"4d55c600\" data-element_type=\"container\">\n\t\t\t\t<div class=\"elementor-element elementor-element-40861044 elementor-widget elementor-widget-google_maps\" data-id=\"40861044\" data-element_type=\"widget\" data-widget_type=\"google_maps.default\">\n\t\t\t\t<div class=\"elementor-widget-container\">\n\t\t\t\t\t\t\t<div class=\"elementor-custom-embed\">\n\t\t\t<iframe loading=\"lazy\"\n\t\t\t\t\tsrc=\"https:\/\/maps.google.com\/maps?q=39%20rue%20des%20peupliers%2C%20nanterre&#038;t=m&#038;z=14&#038;output=embed&#038;iwloc=near\"\n\t\t\t\t\ttitle=\"39 rue des peupliers, nanterre\"\n\t\t\t\t\taria-label=\"39 rue des peupliers, nanterre\"\n\t\t\t><\/iframe>\n\t\t<\/div>\n\t\t\t\t\t\t<\/div>\n\t\t\t\t<\/div>\n\t\t\t\t<\/div>\n\t\t\t\t<\/div>","protected":false},"excerpt":{"rendered":"<p>Une question, un projet ? N&rsquo;h\u00e9sitez pas \u00e0 nous contacter ! Par t\u00e9l\u00e9phone ou via notre messagerie, nous r\u00e9pondons toujours dans les meilleurs d\u00e9lais. Bureaux 39 rue des Peupliers 92000 NANTERRE Nous appeler Tel : +33 1 57 71 29 80 Nous \u00e9crire<\/p>","protected":false},"author":1,"featured_media":0,"parent":0,"menu_order":0,"comment_status":"closed","ping_status":"closed","template":"elementor_header_footer","meta":{"footnotes":""},"class_list":["post-15","page","type-page","status-publish","hentry"],"yoast_head":"<!-- This site is optimized with the Yoast SEO plugin v24.6 - https:\/\/yoast.com\/wordpress\/plugins\/seo\/ -->\n<title>Nous Contacter - Procestec<\/title>\n<meta name=\"description\" content=\"Contactez l&#039;\u00e9quipe de Procestec via messagerie pour directement par t\u00e9l\u00e9phone. Nous r\u00e9pondons dans les meilleurs d\u00e9lais\" \/>\n<meta name=\"robots\" content=\"index, follow, max-snippet:-1, max-image-preview:large, max-video-preview:-1\" \/>\n<link rel=\"canonical\" href=\"https:\/\/procestec.com\/en\/nous-contacter\/\" \/>\n<meta property=\"og:locale\" content=\"en_US\" \/>\n<meta property=\"og:type\" content=\"article\" \/>\n<meta property=\"og:title\" content=\"Nous Contacter - Procestec\" \/>\n<meta property=\"og:description\" content=\"Contactez l&#039;\u00e9quipe de Procestec via messagerie pour directement par t\u00e9l\u00e9phone. Nous r\u00e9pondons dans les meilleurs d\u00e9lais\" \/>\n<meta property=\"og:url\" content=\"https:\/\/procestec.com\/en\/nous-contacter\/\" \/>\n<meta property=\"og:site_name\" content=\"Procestec\" \/>\n<meta property=\"article:modified_time\" content=\"2025-03-17T22:58:32+00:00\" \/>\n<meta name=\"twitter:card\" content=\"summary_large_image\" \/>\n<meta name=\"twitter:label1\" content=\"Est. reading time\" \/>\n\t<meta name=\"twitter:data1\" content=\"1 minute\" \/>\n<script type=\"application\/ld+json\" class=\"yoast-schema-graph\">{\"@context\":\"https:\/\/schema.org\",\"@graph\":[{\"@type\":\"WebPage\",\"@id\":\"https:\/\/procestec.com\/nous-contacter\/\",\"url\":\"https:\/\/procestec.com\/nous-contacter\/\",\"name\":\"Nous Contacter - Procestec\",\"isPartOf\":{\"@id\":\"https:\/\/procestec.com\/#website\"},\"datePublished\":\"2024-10-29T10:29:03+00:00\",\"dateModified\":\"2025-03-17T22:58:32+00:00\",\"description\":\"Contactez l'\u00e9quipe de Procestec via messagerie pour directement par t\u00e9l\u00e9phone. Nous r\u00e9pondons dans les meilleurs d\u00e9lais\",\"breadcrumb\":{\"@id\":\"https:\/\/procestec.com\/nous-contacter\/#breadcrumb\"},\"inLanguage\":\"en-US\",\"potentialAction\":[{\"@type\":\"ReadAction\",\"target\":[\"https:\/\/procestec.com\/nous-contacter\/\"]}]},{\"@type\":\"BreadcrumbList\",\"@id\":\"https:\/\/procestec.com\/nous-contacter\/#breadcrumb\",\"itemListElement\":[{\"@type\":\"ListItem\",\"position\":1,\"name\":\"Accueil\",\"item\":\"https:\/\/procestec.com\/\"},{\"@type\":\"ListItem\",\"position\":2,\"name\":\"Nous Contacter\"}]},{\"@type\":\"WebSite\",\"@id\":\"https:\/\/procestec.com\/#website\",\"url\":\"https:\/\/procestec.com\/\",\"name\":\"Procestec\",\"description\":\"PROC\u00c9D\u00c9S, ING\u00c9NIERIE ET TECHNOLOGIE\",\"publisher\":{\"@id\":\"https:\/\/procestec.com\/#organization\"},\"potentialAction\":[{\"@type\":\"SearchAction\",\"target\":{\"@type\":\"EntryPoint\",\"urlTemplate\":\"https:\/\/procestec.com\/?s={search_term_string}\"},\"query-input\":{\"@type\":\"PropertyValueSpecification\",\"valueRequired\":true,\"valueName\":\"search_term_string\"}}],\"inLanguage\":\"en-US\"},{\"@type\":\"Organization\",\"@id\":\"https:\/\/procestec.com\/#organization\",\"name\":\"Procestec\",\"url\":\"https:\/\/procestec.com\/\",\"logo\":{\"@type\":\"ImageObject\",\"inLanguage\":\"en-US\",\"@id\":\"https:\/\/procestec.com\/#\/schema\/logo\/image\/\",\"url\":\"https:\/\/procestec.com\/wp-content\/uploads\/2024\/10\/Logo-1-Original-HD.png\",\"contentUrl\":\"https:\/\/procestec.com\/wp-content\/uploads\/2024\/10\/Logo-1-Original-HD.png\",\"width\":3301,\"height\":1106,\"caption\":\"Procestec\"},\"image\":{\"@id\":\"https:\/\/procestec.com\/#\/schema\/logo\/image\/\"},\"sameAs\":[\"https:\/\/www.linkedin.com\/company\/procestec\/\"]}]}<\/script>\n<!-- \/ Yoast SEO plugin. -->","yoast_head_json":{"title":"Nous Contacter - Procestec","description":"Contactez l'\u00e9quipe de Procestec via messagerie pour directement par t\u00e9l\u00e9phone. Nous r\u00e9pondons dans les meilleurs d\u00e9lais","robots":{"index":"index","follow":"follow","max-snippet":"max-snippet:-1","max-image-preview":"max-image-preview:large","max-video-preview":"max-video-preview:-1"},"canonical":"https:\/\/procestec.com\/en\/nous-contacter\/","og_locale":"en_US","og_type":"article","og_title":"Nous Contacter - Procestec","og_description":"Contactez l'\u00e9quipe de Procestec via messagerie pour directement par t\u00e9l\u00e9phone. Nous r\u00e9pondons dans les meilleurs d\u00e9lais","og_url":"https:\/\/procestec.com\/en\/nous-contacter\/","og_site_name":"Procestec","article_modified_time":"2025-03-17T22:58:32+00:00","twitter_card":"summary_large_image","twitter_misc":{"Est. reading time":"1 minute"},"schema":{"@context":"https:\/\/schema.org","@graph":[{"@type":"WebPage","@id":"https:\/\/procestec.com\/nous-contacter\/","url":"https:\/\/procestec.com\/nous-contacter\/","name":"Nous Contacter - Procestec","isPartOf":{"@id":"https:\/\/procestec.com\/#website"},"datePublished":"2024-10-29T10:29:03+00:00","dateModified":"2025-03-17T22:58:32+00:00","description":"Contactez l'\u00e9quipe de Procestec via messagerie pour directement par t\u00e9l\u00e9phone. Nous r\u00e9pondons dans les meilleurs d\u00e9lais","breadcrumb":{"@id":"https:\/\/procestec.com\/nous-contacter\/#breadcrumb"},"inLanguage":"en-US","potentialAction":[{"@type":"ReadAction","target":["https:\/\/procestec.com\/nous-contacter\/"]}]},{"@type":"BreadcrumbList","@id":"https:\/\/procestec.com\/nous-contacter\/#breadcrumb","itemListElement":[{"@type":"ListItem","position":1,"name":"Accueil","item":"https:\/\/procestec.com\/"},{"@type":"ListItem","position":2,"name":"Nous Contacter"}]},{"@type":"WebSite","@id":"https:\/\/procestec.com\/#website","url":"https:\/\/procestec.com\/","name":"Procestec","description":"PROC\u00c9D\u00c9S, ING\u00c9NIERIE ET TECHNOLOGIE","publisher":{"@id":"https:\/\/procestec.com\/#organization"},"potentialAction":[{"@type":"SearchAction","target":{"@type":"EntryPoint","urlTemplate":"https:\/\/procestec.com\/?s={search_term_string}"},"query-input":{"@type":"PropertyValueSpecification","valueRequired":true,"valueName":"search_term_string"}}],"inLanguage":"en-US"},{"@type":"Organization","@id":"https:\/\/procestec.com\/#organization","name":"Procestec","url":"https:\/\/procestec.com\/","logo":{"@type":"ImageObject","inLanguage":"en-US","@id":"https:\/\/procestec.com\/#\/schema\/logo\/image\/","url":"https:\/\/procestec.com\/wp-content\/uploads\/2024\/10\/Logo-1-Original-HD.png","contentUrl":"https:\/\/procestec.com\/wp-content\/uploads\/2024\/10\/Logo-1-Original-HD.png","width":3301,"height":1106,"caption":"Procestec"},"image":{"@id":"https:\/\/procestec.com\/#\/schema\/logo\/image\/"},"sameAs":["https:\/\/www.linkedin.com\/company\/procestec\/"]}]}},"_links":{"self":[{"href":"https:\/\/procestec.com\/en\/wp-json\/wp\/v2\/pages\/15","targetHints":{"allow":["GET"]}}],"collection":[{"href":"https:\/\/procestec.com\/en\/wp-json\/wp\/v2\/pages"}],"about":[{"href":"https:\/\/procestec.com\/en\/wp-json\/wp\/v2\/types\/page"}],"author":[{"embeddable":true,"href":"https:\/\/procestec.com\/en\/wp-json\/wp\/v2\/users\/1"}],"replies":[{"embeddable":true,"href":"https:\/\/procestec.com\/en\/wp-json\/wp\/v2\/comments?post=15"}],"version-history":[{"count":42,"href":"https:\/\/procestec.com\/en\/wp-json\/wp\/v2\/pages\/15\/revisions"}],"predecessor-version":[{"id":844,"href":"https:\/\/procestec.com\/en\/wp-json\/wp\/v2\/pages\/15\/revisions\/844"}],"wp:attachment":[{"href":"https:\/\/procestec.com\/en\/wp-json\/wp\/v2\/media?parent=15"}],"curies":[{"name":"wp","href":"https:\/\/api.w.org\/{rel}","templated":true}]}}